{"id":19949,"date":"2025-04-29T13:22:30","date_gmt":"2025-04-29T11:22:30","guid":{"rendered":"https:\/\/www.ciapernassos.com\/formacions\/"},"modified":"2025-06-10T16:33:09","modified_gmt":"2025-06-10T14:33:09","slug":"formaciones","status":"publish","type":"page","link":"https:\/\/www.ciapernassos.com\/es\/formaciones\/","title":{"rendered":"Formaciones"},"content":{"rendered":"\t\t<div data-elementor-type=\"wp-page\" data-elementor-id=\"19949\" class=\"elementor elementor-19949 elementor-19070\" data-elementor-post-type=\"page\">\n\t\t\t\t<div class=\"elementor-element elementor-element-4c41bc6 e-con-full e-flex e-con e-parent\" data-id=\"4c41bc6\" data-element_type=\"container\" data-e-type=\"container\" data-settings=\"{&quot;background_background&quot;:&quot;classic&quot;}\">\n\t\t<div class=\"elementor-element elementor-element-c53a1ee e-con-full e-flex e-con e-child\" data-id=\"c53a1ee\" data-element_type=\"container\" data-e-type=\"container\">\n\t\t\t\t<\/div>\n\t\t<div class=\"elementor-element elementor-element-18fd612 e-con-full e-flex e-con e-child\" data-id=\"18fd612\" data-element_type=\"container\" data-e-type=\"container\">\n\t\t\t\t<div class=\"elementor-element elementor-element-ea571f4 elementor-widget elementor-widget-image\" data-id=\"ea571f4\" data-element_type=\"widget\" data-e-type=\"widget\" data-widget_type=\"image.default\">\n\t\t\t\t<div class=\"elementor-widget-container\">\n\t\t\t\t\t\t\t\t\t\t\t\t\t\t\t<img fetchpriority=\"high\" decoding=\"async\" width=\"2560\" height=\"45\" src=\"https:\/\/www.ciapernassos.com\/wp-content\/uploads\/2025\/04\/sep-gr.png\" class=\"attachment-full size-full wp-image-19033\" alt=\"\" srcset=\"https:\/\/www.ciapernassos.com\/wp-content\/uploads\/2025\/04\/sep-gr.png 2560w, https:\/\/www.ciapernassos.com\/wp-content\/uploads\/2025\/04\/sep-gr-300x5.png 300w, https:\/\/www.ciapernassos.com\/wp-content\/uploads\/2025\/04\/sep-gr-1024x18.png 1024w, https:\/\/www.ciapernassos.com\/wp-content\/uploads\/2025\/04\/sep-gr-768x14.png 768w, https:\/\/www.ciapernassos.com\/wp-content\/uploads\/2025\/04\/sep-gr-1536x27.png 1536w, https:\/\/www.ciapernassos.com\/wp-content\/uploads\/2025\/04\/sep-gr-2048x36.png 2048w\" sizes=\"(max-width: 2560px) 100vw, 2560px\" \/>\t\t\t\t\t\t\t\t\t\t\t\t\t\t\t<\/div>\n\t\t\t\t<\/div>\n\t\t\t\t<\/div>\n\t\t\t\t<\/div>\n\t\t<div class=\"elementor-element elementor-element-c7b76ee e-con-full e-flex e-con e-parent\" data-id=\"c7b76ee\" data-element_type=\"container\" data-e-type=\"container\">\n\t\t<div class=\"elementor-element elementor-element-7950044 e-con-full e-flex e-con e-child\" data-id=\"7950044\" data-element_type=\"container\" data-e-type=\"container\">\n\t\t\t\t<div class=\"elementor-element elementor-element-eb0cf9c elementor-widget elementor-widget-heading\" data-id=\"eb0cf9c\" data-element_type=\"widget\" data-e-type=\"widget\" data-widget_type=\"heading.default\">\n\t\t\t\t<div class=\"elementor-widget-container\">\n\t\t\t\t\t<h2 class=\"elementor-heading-title elementor-size-default\">NUESTRAS FORMACIONES<\/h2>\t\t\t\t<\/div>\n\t\t\t\t<\/div>\n\t\t\t\t<div class=\"elementor-element elementor-element-d1f56bb elementor-widget-tablet__width-inherit elementor-widget elementor-widget-text-editor\" data-id=\"d1f56bb\" data-element_type=\"widget\" data-e-type=\"widget\" data-widget_type=\"text-editor.default\">\n\t\t\t\t<div class=\"elementor-widget-container\">\n\t\t\t\t\t\t\t\t\t<div id=\"comp-ln21g2gc\" class=\"HcOXKn c9GqVL QxJLC3 lq2cno YQcXTT comp-ln21g2gc wixui-rich-text\" data-testid=\"richTextElement\"><div id=\"comp-ln20eia92\" class=\"HcOXKn c9GqVL QxJLC3 lq2cno YQcXTT comp-ln20eia92 wixui-rich-text\" data-testid=\"richTextElement\"><div id=\"comp-ln20eia92\" class=\"Z_l5lU ku3DBC zQ9jDz qvSjx3 Vq6kJx comp-ln20eia92 wixui-rich-text\" data-testid=\"richTextElement\"><p class=\"font_8 wixui-rich-text__text\"><span class=\"color_36 wixui-rich-text__text\"><span class=\"wixui-rich-text__text\">La Cia PerNassos ofrece diversas formaciones de car\u00e1cter profesional de teatro y de clown. Dichas formaciones tienen distintos niveles y est\u00e1n dirigidas a:\u200b<\/span><\/span><\/p><p class=\"font_8 wixui-rich-text__text\"><span class=\"color_36 wixui-rich-text__text\"><span class=\"wixui-rich-text__text\">\u200b\u200b<\/span><\/span><\/p><ul class=\"color_36 wixui-rich-text__text\"><li class=\"wixui-rich-text__text\"><p class=\"font_8 wixui-rich-text__text\"><span class=\"color_36 wixui-rich-text__text\"><span class=\"wixui-rich-text__text\">Profesionales del teatro y el clown o de las artes esc\u00e9nicas en general que quieran iniciarse o profundizar en estas disciplinas.<\/span><\/span><\/p><\/li><li class=\"wixui-rich-text__text\"><p class=\"font_8 wixui-rich-text__text\"><span class=\"color_36 wixui-rich-text__text\"><span class=\"wixui-rich-text__text\">Colectivos relacionados con el \u00e1mbito educativo, social y cultural que quieran adquirir estas artes como herramientas de trabajo e intervenci\u00f3n.<\/span><\/span><\/p><\/li><li class=\"wixui-rich-text__text\"><p class=\"font_8 wixui-rich-text__text\"><span class=\"color_36 wixui-rich-text__text\"><span class=\"wixui-rich-text__text\">Cualquier persona o grupo interesado en conocer e iniciarse en clown y teatro.<\/span><\/span><\/p><\/li><\/ul><\/div><\/div><\/div>\t\t\t\t\t\t\t\t<\/div>\n\t\t\t\t<\/div>\n\t\t\t\t<\/div>\n\t\t<div class=\"elementor-element elementor-element-64f2091 e-con-full e-flex e-con e-child\" data-id=\"64f2091\" data-element_type=\"container\" data-e-type=\"container\">\n\t\t\t\t<div class=\"elementor-element elementor-element-ea1cf6b elementor-widget elementor-widget-gallery\" data-id=\"ea1cf6b\" data-element_type=\"widget\" data-e-type=\"widget\" data-settings=\"{&quot;aspect_ratio&quot;:&quot;1:1&quot;,&quot;columns&quot;:2,&quot;columns_mobile&quot;:2,&quot;lazyload&quot;:&quot;yes&quot;,&quot;gallery_layout&quot;:&quot;grid&quot;,&quot;columns_tablet&quot;:2,&quot;gap&quot;:{&quot;unit&quot;:&quot;px&quot;,&quot;size&quot;:10,&quot;sizes&quot;:[]},&quot;gap_tablet&quot;:{&quot;unit&quot;:&quot;px&quot;,&quot;size&quot;:10,&quot;sizes&quot;:[]},&quot;gap_mobile&quot;:{&quot;unit&quot;:&quot;px&quot;,&quot;size&quot;:10,&quot;sizes&quot;:[]},&quot;link_to&quot;:&quot;file&quot;,&quot;overlay_background&quot;:&quot;yes&quot;,&quot;content_hover_animation&quot;:&quot;fade-in&quot;}\" data-widget_type=\"gallery.default\">\n\t\t\t\t<div class=\"elementor-widget-container\">\n\t\t\t\t\t\t\t<div class=\"elementor-gallery__container\">\n\t\t\t\t\t\t\t<a class=\"e-gallery-item elementor-gallery-item elementor-animated-content\" href=\"https:\/\/www.ciapernassos.com\/wp-content\/uploads\/2025\/05\/IMG_9267-scaled.jpg\" data-elementor-open-lightbox=\"yes\" data-elementor-lightbox-slideshow=\"ea1cf6b\" data-elementor-lightbox-title=\"Formacions\" data-elementor-lightbox-description=\"Formacions\" data-e-action-hash=\"#elementor-action%3Aaction%3Dlightbox%26settings%3DeyJpZCI6MTk1NjYsInVybCI6Imh0dHBzOlwvXC93d3cuY2lhcGVybmFzc29zLmNvbVwvd3AtY29udGVudFwvdXBsb2Fkc1wvMjAyNVwvMDVcL0lNR185MjY3LXNjYWxlZC5qcGciLCJzbGlkZXNob3ciOiJlYTFjZjZiIn0%3D\">\n\t\t\t\t\t<div class=\"e-gallery-image elementor-gallery-item__image\" data-thumbnail=\"https:\/\/www.ciapernassos.com\/wp-content\/uploads\/2025\/05\/IMG_9267-scaled.jpg\" data-width=\"2560\" data-height=\"1707\" aria-label=\"Formacions\" role=\"img\" ><\/div>\n\t\t\t\t\t\t\t\t\t\t\t<div class=\"elementor-gallery-item__overlay\"><\/div>\n\t\t\t\t\t\t\t\t\t\t\t\t\t\t<\/a>\n\t\t\t\t\t\t\t<a class=\"e-gallery-item elementor-gallery-item elementor-animated-content\" href=\"https:\/\/www.ciapernassos.com\/wp-content\/uploads\/2025\/05\/IMG_4478-scaled.jpg\" data-elementor-open-lightbox=\"yes\" data-elementor-lightbox-slideshow=\"ea1cf6b\" data-elementor-lightbox-title=\"Formacions\" data-elementor-lightbox-description=\"Formacions\" data-e-action-hash=\"#elementor-action%3Aaction%3Dlightbox%26settings%3DeyJpZCI6MTk1NjIsInVybCI6Imh0dHBzOlwvXC93d3cuY2lhcGVybmFzc29zLmNvbVwvd3AtY29udGVudFwvdXBsb2Fkc1wvMjAyNVwvMDVcL0lNR180NDc4LXNjYWxlZC5qcGciLCJzbGlkZXNob3ciOiJlYTFjZjZiIn0%3D\">\n\t\t\t\t\t<div class=\"e-gallery-image elementor-gallery-item__image\" data-thumbnail=\"https:\/\/www.ciapernassos.com\/wp-content\/uploads\/2025\/05\/IMG_4478-scaled.jpg\" data-width=\"2560\" data-height=\"1709\" aria-label=\"Formacions\" role=\"img\" ><\/div>\n\t\t\t\t\t\t\t\t\t\t\t<div class=\"elementor-gallery-item__overlay\"><\/div>\n\t\t\t\t\t\t\t\t\t\t\t\t\t\t<\/a>\n\t\t\t\t\t\t\t<a class=\"e-gallery-item elementor-gallery-item elementor-animated-content\" href=\"https:\/\/www.ciapernassos.com\/wp-content\/uploads\/2025\/05\/formacions1.jpg\" data-elementor-open-lightbox=\"yes\" data-elementor-lightbox-slideshow=\"ea1cf6b\" data-elementor-lightbox-title=\"Formacions\" data-elementor-lightbox-description=\"Formacions\" data-e-action-hash=\"#elementor-action%3Aaction%3Dlightbox%26settings%3DeyJpZCI6MTk3MDYsInVybCI6Imh0dHBzOlwvXC93d3cuY2lhcGVybmFzc29zLmNvbVwvd3AtY29udGVudFwvdXBsb2Fkc1wvMjAyNVwvMDVcL2Zvcm1hY2lvbnMxLmpwZyIsInNsaWRlc2hvdyI6ImVhMWNmNmIifQ%3D%3D\">\n\t\t\t\t\t<div class=\"e-gallery-image elementor-gallery-item__image\" data-thumbnail=\"https:\/\/www.ciapernassos.com\/wp-content\/uploads\/2025\/05\/formacions1.jpg\" data-width=\"1099\" data-height=\"732\" aria-label=\"Formacions\" role=\"img\" ><\/div>\n\t\t\t\t\t\t\t\t\t\t\t<div class=\"elementor-gallery-item__overlay\"><\/div>\n\t\t\t\t\t\t\t\t\t\t\t\t\t\t<\/a>\n\t\t\t\t\t\t\t<a class=\"e-gallery-item elementor-gallery-item elementor-animated-content\" href=\"https:\/\/www.ciapernassos.com\/wp-content\/uploads\/2025\/05\/formacions2.jpg\" data-elementor-open-lightbox=\"yes\" data-elementor-lightbox-slideshow=\"ea1cf6b\" data-elementor-lightbox-title=\"Formacions\" data-elementor-lightbox-description=\"Formacions\" data-e-action-hash=\"#elementor-action%3Aaction%3Dlightbox%26settings%3DeyJpZCI6MTk3MDgsInVybCI6Imh0dHBzOlwvXC93d3cuY2lhcGVybmFzc29zLmNvbVwvd3AtY29udGVudFwvdXBsb2Fkc1wvMjAyNVwvMDVcL2Zvcm1hY2lvbnMyLmpwZyIsInNsaWRlc2hvdyI6ImVhMWNmNmIifQ%3D%3D\">\n\t\t\t\t\t<div class=\"e-gallery-image elementor-gallery-item__image\" data-thumbnail=\"https:\/\/www.ciapernassos.com\/wp-content\/uploads\/2025\/05\/formacions2.jpg\" data-width=\"994\" data-height=\"732\" aria-label=\"Formacions\" role=\"img\" ><\/div>\n\t\t\t\t\t\t\t\t\t\t\t<div class=\"elementor-gallery-item__overlay\"><\/div>\n\t\t\t\t\t\t\t\t\t\t\t\t\t\t<\/a>\n\t\t\t\t\t<\/div>\n\t\t\t\t\t<\/div>\n\t\t\t\t<\/div>\n\t\t\t\t<\/div>\n\t\t\t\t<\/div>\n\t\t<div class=\"elementor-element elementor-element-953a19f e-con-full e-flex e-con e-parent\" data-id=\"953a19f\" data-element_type=\"container\" data-e-type=\"container\">\n\t\t\t\t<div class=\"elementor-element elementor-element-0f589e7 elementor-widget elementor-widget-image\" data-id=\"0f589e7\" data-element_type=\"widget\" data-e-type=\"widget\" data-widget_type=\"image.default\">\n\t\t\t\t<div class=\"elementor-widget-container\">\n\t\t\t\t\t\t\t\t\t\t\t\t\t\t\t<img decoding=\"async\" width=\"2560\" height=\"99\" src=\"https:\/\/www.ciapernassos.com\/wp-content\/uploads\/2025\/04\/sep-bl-1.png\" class=\"attachment-full size-full wp-image-18859\" alt=\"\" srcset=\"https:\/\/www.ciapernassos.com\/wp-content\/uploads\/2025\/04\/sep-bl-1.png 2560w, https:\/\/www.ciapernassos.com\/wp-content\/uploads\/2025\/04\/sep-bl-1-300x12.png 300w, https:\/\/www.ciapernassos.com\/wp-content\/uploads\/2025\/04\/sep-bl-1-1024x40.png 1024w, https:\/\/www.ciapernassos.com\/wp-content\/uploads\/2025\/04\/sep-bl-1-768x30.png 768w, https:\/\/www.ciapernassos.com\/wp-content\/uploads\/2025\/04\/sep-bl-1-1536x59.png 1536w, https:\/\/www.ciapernassos.com\/wp-content\/uploads\/2025\/04\/sep-bl-1-2048x79.png 2048w\" sizes=\"(max-width: 2560px) 100vw, 2560px\" \/>\t\t\t\t\t\t\t\t\t\t\t\t\t\t\t<\/div>\n\t\t\t\t<\/div>\n\t\t\t\t<\/div>\n\t\t<div class=\"elementor-element elementor-element-2d94390 e-con-full e-flex e-con e-parent\" data-id=\"2d94390\" data-element_type=\"container\" data-e-type=\"container\" data-settings=\"{&quot;background_background&quot;:&quot;classic&quot;}\">\n\t\t<div class=\"elementor-element elementor-element-adcaa4f e-flex e-con-boxed e-con e-child\" data-id=\"adcaa4f\" data-element_type=\"container\" data-e-type=\"container\">\n\t\t\t\t\t<div class=\"e-con-inner\">\n\t\t\t\t<div class=\"elementor-element elementor-element-b0afe89 elementor-widget elementor-widget-text-editor\" data-id=\"b0afe89\" data-element_type=\"widget\" data-e-type=\"widget\" data-widget_type=\"text-editor.default\">\n\t\t\t\t<div class=\"elementor-widget-container\">\n\t\t\t\t\t\t\t\t\t<div id=\"comp-ln0gyj8m\" class=\"HcOXKn c9GqVL QxJLC3 lq2cno YQcXTT comp-ln0gyj8m wixui-rich-text\" data-testid=\"richTextElement\"><div id=\"comp-ln0gyj8m\" class=\"Z_l5lU ku3DBC zQ9jDz qvSjx3 Vq6kJx comp-ln0gyj8m wixui-rich-text\" data-testid=\"richTextElement\"><p class=\"font_8 wixui-rich-text__text\"><span class=\"wixui-rich-text__text\">Nuestra pedagog\u00eda se basa en la b\u00fasqueda del placer a trav\u00e9s del juego esc\u00e9nico.<\/span><\/p><p class=\"font_8 wixui-rich-text__text\"><span class=\"wixui-rich-text__text\">El trabajo parte de las bases t\u00e9cnicas del clown y de la metodolog\u00eda del teatro f\u00edsico de Jacques Lecoq, donde el cuerpo y el movimiento sirven como motor para la investigaci\u00f3n y el desarrollo de las din\u00e1micas de acci\u00f3n y trabajo.<\/span><\/p><\/div><\/div>\t\t\t\t\t\t\t\t<\/div>\n\t\t\t\t<\/div>\n\t\t\t\t<div class=\"elementor-element elementor-element-9e3b3bc elementor-widget elementor-widget-heading\" data-id=\"9e3b3bc\" data-element_type=\"widget\" data-e-type=\"widget\" data-widget_type=\"heading.default\">\n\t\t\t\t<div class=\"elementor-widget-container\">\n\t\t\t\t\t<h4 class=\"elementor-heading-title elementor-size-default\">Si quieres m\u00e1s informaci\u00f3n sobre los cursos y talleres...<\/h4>\t\t\t\t<\/div>\n\t\t\t\t<\/div>\n\t\t\t\t<div class=\"elementor-element elementor-element-1721580 elementor-align-center elementor-widget elementor-widget-the7_button_widget\" data-id=\"1721580\" data-element_type=\"widget\" data-e-type=\"widget\" data-widget_type=\"the7_button_widget.default\">\n\t\t\t\t<div class=\"elementor-widget-container\">\n\t\t\t\t\t<div class=\"elementor-button-wrapper\"><a href=\"\/es\/contacto\/\" class=\"box-button elementor-button elementor-size-md\">\u00a1Cont\u00e1ctanos!<\/a><\/div>\t\t\t\t<\/div>\n\t\t\t\t<\/div>\n\t\t\t\t\t<\/div>\n\t\t\t\t<\/div>\n\t\t\t\t<\/div>\n\t\t\t\t<\/div>\n\t\t","protected":false},"excerpt":{"rendered":"<p>NUESTRAS FORMACIONES La Cia PerNassos ofrece diversas formaciones de car\u00e1cter profesional de teatro y de clown. Dichas formaciones tienen distintos niveles y est\u00e1n dirigidas a:\u200b \u200b\u200b Profesionales del teatro y el clown o de las artes esc\u00e9nicas en general que quieran iniciarse o profundizar en estas disciplinas. Colectivos relacionados con el \u00e1mbito educativo, social y&hellip;<\/p>\n","protected":false},"author":1,"featured_media":0,"parent":0,"menu_order":10,"comment_status":"closed","ping_status":"closed","template":"elementor_header_footer","meta":{"footnotes":""},"class_list":["post-19949","page","type-page","status-publish","hentry"],"yoast_head":"<!-- This site is optimized with the Yoast SEO plugin v27.5 - https:\/\/yoast.com\/product\/yoast-seo-wordpress\/ -->\n<title>Formaciones - Cia PerNassos<\/title>\n<meta name=\"robots\" content=\"index, follow, max-snippet:-1, max-image-preview:large, max-video-preview:-1\" \/>\n<link rel=\"canonical\" href=\"https:\/\/www.ciapernassos.com\/formacions\/\" \/>\n<meta property=\"og:locale\" content=\"es_ES\" \/>\n<meta property=\"og:type\" content=\"article\" \/>\n<meta property=\"og:title\" content=\"Formaciones - Cia PerNassos\" \/>\n<meta property=\"og:description\" content=\"NUESTRAS FORMACIONES La Cia PerNassos ofrece diversas formaciones de car\u00e1cter profesional de teatro y de clown. Dichas formaciones tienen distintos niveles y est\u00e1n dirigidas a:\u200b \u200b\u200b Profesionales del teatro y el clown o de las artes esc\u00e9nicas en general que quieran iniciarse o profundizar en estas disciplinas. Colectivos relacionados con el \u00e1mbito educativo, social y&hellip;\" \/>\n<meta property=\"og:url\" content=\"https:\/\/www.ciapernassos.com\/formacions\/\" \/>\n<meta property=\"og:site_name\" content=\"Cia PerNassos\" \/>\n<meta property=\"article:modified_time\" content=\"2025-06-10T14:33:09+00:00\" \/>\n<meta property=\"og:image\" content=\"https:\/\/www.ciapernassos.com\/wp-content\/uploads\/2025\/04\/sep-gr.png\" \/>\n\t<meta property=\"og:image:width\" content=\"2560\" \/>\n\t<meta property=\"og:image:height\" content=\"45\" \/>\n\t<meta property=\"og:image:type\" content=\"image\/png\" \/>\n<meta name=\"twitter:card\" content=\"summary_large_image\" \/>\n<meta name=\"twitter:label1\" content=\"Tiempo de lectura\" \/>\n\t<meta name=\"twitter:data1\" content=\"1 minuto\" \/>\n<script type=\"application\/ld+json\" class=\"yoast-schema-graph\">{\"@context\":\"https:\\\/\\\/schema.org\",\"@graph\":[{\"@type\":\"WebPage\",\"@id\":\"https:\\\/\\\/www.ciapernassos.com\\\/formacions\\\/\",\"url\":\"https:\\\/\\\/www.ciapernassos.com\\\/formacions\\\/\",\"name\":\"Formaciones - Cia PerNassos\",\"isPartOf\":{\"@id\":\"https:\\\/\\\/www.ciapernassos.com\\\/#website\"},\"primaryImageOfPage\":{\"@id\":\"https:\\\/\\\/www.ciapernassos.com\\\/formacions\\\/#primaryimage\"},\"image\":{\"@id\":\"https:\\\/\\\/www.ciapernassos.com\\\/formacions\\\/#primaryimage\"},\"thumbnailUrl\":\"https:\\\/\\\/www.ciapernassos.com\\\/wp-content\\\/uploads\\\/2025\\\/04\\\/sep-gr.png\",\"datePublished\":\"2025-04-29T11:22:30+00:00\",\"dateModified\":\"2025-06-10T14:33:09+00:00\",\"breadcrumb\":{\"@id\":\"https:\\\/\\\/www.ciapernassos.com\\\/formacions\\\/#breadcrumb\"},\"inLanguage\":\"es\",\"potentialAction\":[{\"@type\":\"ReadAction\",\"target\":[\"https:\\\/\\\/www.ciapernassos.com\\\/formacions\\\/\"]}]},{\"@type\":\"ImageObject\",\"inLanguage\":\"es\",\"@id\":\"https:\\\/\\\/www.ciapernassos.com\\\/formacions\\\/#primaryimage\",\"url\":\"https:\\\/\\\/www.ciapernassos.com\\\/wp-content\\\/uploads\\\/2025\\\/04\\\/sep-gr.png\",\"contentUrl\":\"https:\\\/\\\/www.ciapernassos.com\\\/wp-content\\\/uploads\\\/2025\\\/04\\\/sep-gr.png\"},{\"@type\":\"BreadcrumbList\",\"@id\":\"https:\\\/\\\/www.ciapernassos.com\\\/formacions\\\/#breadcrumb\",\"itemListElement\":[{\"@type\":\"ListItem\",\"position\":1,\"name\":\"Inici\",\"item\":\"https:\\\/\\\/www.ciapernassos.com\\\/es\\\/\"},{\"@type\":\"ListItem\",\"position\":2,\"name\":\"Formaciones\"}]},{\"@type\":\"WebSite\",\"@id\":\"https:\\\/\\\/www.ciapernassos.com\\\/#website\",\"url\":\"https:\\\/\\\/www.ciapernassos.com\\\/\",\"name\":\"Cia PerNassos\",\"description\":\"Clown Teatro Humor\",\"publisher\":{\"@id\":\"https:\\\/\\\/www.ciapernassos.com\\\/#organization\"},\"potentialAction\":[{\"@type\":\"SearchAction\",\"target\":{\"@type\":\"EntryPoint\",\"urlTemplate\":\"https:\\\/\\\/www.ciapernassos.com\\\/?s={search_term_string}\"},\"query-input\":{\"@type\":\"PropertyValueSpecification\",\"valueRequired\":true,\"valueName\":\"search_term_string\"}}],\"inLanguage\":\"es\"},{\"@type\":\"Organization\",\"@id\":\"https:\\\/\\\/www.ciapernassos.com\\\/#organization\",\"name\":\"Cia PerNassos\",\"url\":\"https:\\\/\\\/www.ciapernassos.com\\\/\",\"logo\":{\"@type\":\"ImageObject\",\"inLanguage\":\"es\",\"@id\":\"https:\\\/\\\/www.ciapernassos.com\\\/#\\\/schema\\\/logo\\\/image\\\/\",\"url\":\"https:\\\/\\\/www.ciapernassos.com\\\/wp-content\\\/uploads\\\/2025\\\/04\\\/Logo-Per-Nassos-Cia-Vermell.png\",\"contentUrl\":\"https:\\\/\\\/www.ciapernassos.com\\\/wp-content\\\/uploads\\\/2025\\\/04\\\/Logo-Per-Nassos-Cia-Vermell.png\",\"width\":86,\"height\":100,\"caption\":\"Cia PerNassos\"},\"image\":{\"@id\":\"https:\\\/\\\/www.ciapernassos.com\\\/#\\\/schema\\\/logo\\\/image\\\/\"}}]}<\/script>\n<!-- \/ Yoast SEO plugin. -->","yoast_head_json":{"title":"Formaciones - Cia PerNassos","robots":{"index":"index","follow":"follow","max-snippet":"max-snippet:-1","max-image-preview":"max-image-preview:large","max-video-preview":"max-video-preview:-1"},"canonical":"https:\/\/www.ciapernassos.com\/formacions\/","og_locale":"es_ES","og_type":"article","og_title":"Formaciones - Cia PerNassos","og_description":"NUESTRAS FORMACIONES La Cia PerNassos ofrece diversas formaciones de car\u00e1cter profesional de teatro y de clown. Dichas formaciones tienen distintos niveles y est\u00e1n dirigidas a:\u200b \u200b\u200b Profesionales del teatro y el clown o de las artes esc\u00e9nicas en general que quieran iniciarse o profundizar en estas disciplinas. Colectivos relacionados con el \u00e1mbito educativo, social y&hellip;","og_url":"https:\/\/www.ciapernassos.com\/formacions\/","og_site_name":"Cia PerNassos","article_modified_time":"2025-06-10T14:33:09+00:00","og_image":[{"width":2560,"height":45,"url":"https:\/\/www.ciapernassos.com\/wp-content\/uploads\/2025\/04\/sep-gr.png","type":"image\/png"}],"twitter_card":"summary_large_image","twitter_misc":{"Tiempo de lectura":"1 minuto"},"schema":{"@context":"https:\/\/schema.org","@graph":[{"@type":"WebPage","@id":"https:\/\/www.ciapernassos.com\/formacions\/","url":"https:\/\/www.ciapernassos.com\/formacions\/","name":"Formaciones - Cia PerNassos","isPartOf":{"@id":"https:\/\/www.ciapernassos.com\/#website"},"primaryImageOfPage":{"@id":"https:\/\/www.ciapernassos.com\/formacions\/#primaryimage"},"image":{"@id":"https:\/\/www.ciapernassos.com\/formacions\/#primaryimage"},"thumbnailUrl":"https:\/\/www.ciapernassos.com\/wp-content\/uploads\/2025\/04\/sep-gr.png","datePublished":"2025-04-29T11:22:30+00:00","dateModified":"2025-06-10T14:33:09+00:00","breadcrumb":{"@id":"https:\/\/www.ciapernassos.com\/formacions\/#breadcrumb"},"inLanguage":"es","potentialAction":[{"@type":"ReadAction","target":["https:\/\/www.ciapernassos.com\/formacions\/"]}]},{"@type":"ImageObject","inLanguage":"es","@id":"https:\/\/www.ciapernassos.com\/formacions\/#primaryimage","url":"https:\/\/www.ciapernassos.com\/wp-content\/uploads\/2025\/04\/sep-gr.png","contentUrl":"https:\/\/www.ciapernassos.com\/wp-content\/uploads\/2025\/04\/sep-gr.png"},{"@type":"BreadcrumbList","@id":"https:\/\/www.ciapernassos.com\/formacions\/#breadcrumb","itemListElement":[{"@type":"ListItem","position":1,"name":"Inici","item":"https:\/\/www.ciapernassos.com\/es\/"},{"@type":"ListItem","position":2,"name":"Formaciones"}]},{"@type":"WebSite","@id":"https:\/\/www.ciapernassos.com\/#website","url":"https:\/\/www.ciapernassos.com\/","name":"Cia PerNassos","description":"Clown Teatro Humor","publisher":{"@id":"https:\/\/www.ciapernassos.com\/#organization"},"potentialAction":[{"@type":"SearchAction","target":{"@type":"EntryPoint","urlTemplate":"https:\/\/www.ciapernassos.com\/?s={search_term_string}"},"query-input":{"@type":"PropertyValueSpecification","valueRequired":true,"valueName":"search_term_string"}}],"inLanguage":"es"},{"@type":"Organization","@id":"https:\/\/www.ciapernassos.com\/#organization","name":"Cia PerNassos","url":"https:\/\/www.ciapernassos.com\/","logo":{"@type":"ImageObject","inLanguage":"es","@id":"https:\/\/www.ciapernassos.com\/#\/schema\/logo\/image\/","url":"https:\/\/www.ciapernassos.com\/wp-content\/uploads\/2025\/04\/Logo-Per-Nassos-Cia-Vermell.png","contentUrl":"https:\/\/www.ciapernassos.com\/wp-content\/uploads\/2025\/04\/Logo-Per-Nassos-Cia-Vermell.png","width":86,"height":100,"caption":"Cia PerNassos"},"image":{"@id":"https:\/\/www.ciapernassos.com\/#\/schema\/logo\/image\/"}}]}},"_links":{"self":[{"href":"https:\/\/www.ciapernassos.com\/es\/wp-json\/wp\/v2\/pages\/19949","targetHints":{"allow":["GET"]}}],"collection":[{"href":"https:\/\/www.ciapernassos.com\/es\/wp-json\/wp\/v2\/pages"}],"about":[{"href":"https:\/\/www.ciapernassos.com\/es\/wp-json\/wp\/v2\/types\/page"}],"author":[{"embeddable":true,"href":"https:\/\/www.ciapernassos.com\/es\/wp-json\/wp\/v2\/users\/1"}],"replies":[{"embeddable":true,"href":"https:\/\/www.ciapernassos.com\/es\/wp-json\/wp\/v2\/comments?post=19949"}],"version-history":[{"count":0,"href":"https:\/\/www.ciapernassos.com\/es\/wp-json\/wp\/v2\/pages\/19949\/revisions"}],"wp:attachment":[{"href":"https:\/\/www.ciapernassos.com\/es\/wp-json\/wp\/v2\/media?parent=19949"}],"curies":[{"name":"wp","href":"https:\/\/api.w.org\/{rel}","templated":true}]}}